{"id":591,"date":"2012-12-31T17:51:39","date_gmt":"2012-12-31T16:51:39","guid":{"rendered":"http:\/\/blog.xaranx.de\/?page_id=591"},"modified":"2019-06-17T09:18:51","modified_gmt":"2019-06-17T08:18:51","slug":"impressum","status":"publish","type":"page","link":"http:\/\/blog.xaranx.de\/index.php\/impressum","title":{"rendered":"Impressum"},"content":{"rendered":"<p>Impressum<br \/>\nvon marc rauber | 17. Juni 2019 | 10:30 Uhr<br \/>\nxAranx.de ist ein privates Angebot von:<\/p>\n<p>Marc Rauber (verantwortlich)<br \/>\nEcksteinstr. 31a<br \/>\n66636 Hasborn<br \/>\nDeutschland<br \/>\nwebmaster (ett) xAranx (punkt) de<\/p>\n<p>Verantwortlicher gem\u00e4\u00df \u00a7 5 TMG, \u00a7 55 RfStV:<\/p>\n<p>Marc Rauber (verantwortlich)<br \/>\nEcksteinstr. 31a<br \/>\n66636 Hasborn<br \/>\nDeutschland<br \/>\nwebmaster (ett) xAranx (punkt) de<\/p>\n<p>Haftungsausschluss<\/p>\n<p>xAranx.de \u00fcbernimmt keine Verantwortung oder Haftung f\u00fcr die Inhalte externer Webseiten. Werbung auf xAranx.de ist als solcher klar gekennzeichnet und somit nicht als redaktionelle Empfehlung der beworbenen Produkte zu verstehen. Inhaltliche Einflussnahme durch Werbekunden ist nicht zugelassen.<\/p>\n<p>Ich pr\u00fcfe zum Zeitpunkt der Verlinkung s\u00e4mtliche Links auf ihre juristische Unbedenklichkeit. Sollten \u00c4nderungen bei diesen Links eingetreten sein, die Rechte Dritter verletzen oder gegen geltende Gesetze versto\u00dfen, werden diese Links nach Kenntnisnahme entfernt.<\/p>\n<p>Urheberrecht<\/p>\n<p>S\u00e4mtliche Beitr\u00e4ge geben ausschlie\u00dflich die Auffassung des jeweiligen Verfassers wieder. Dies gilt insbesondere f\u00fcr die mittels der Kommentarfunktion erstellten Diskussions-Beitr\u00e4ge. Ich behalte mir die L\u00f6schung einzelner Wortmeldungen und die Sperrung der Kommentarfunktion vor. Werbung oder Verlinkungen auf kommerzielle Angebote innerhalb der Kommentare, die nicht im logischen Zusammenhang mit dem jeweiligen Artikel-Thema stehen, sind nicht gestattet.<\/p>\n<p>Die Inhalte von xAranx.de unterliegen dem Urheberrecht, stehen jedoch unter der folgenden Creative-Commons-Lizenz. Eine Verbreitung der Inhalte, die \u00fcber das gesetzlich Zul\u00e4ssige (beispielsweise Zitate) hinausgeht oder die zur Verf\u00fcgung gestellte Lizenz verletzt, bedarf der vorherigen Zustimmung. Dies gilt uneingeschr\u00e4nkt auch f\u00fcr den RSS-Feed.<\/p>\n<p>Datenschutz<\/p>\n<p>xAranx.de h\u00e4lt sich an geltende Datenschutzgesetze und bem\u00fcht sich um Datensparsamkeit. Vereinzelnd fallen Informationen wie IP-Adressen, der Browser-Typ oder die Namen von Kommentatoren an, die ausschlie\u00dflich intern Verwendung finden \u2013 beispielsweise f\u00fcr Statistiken. Keine Nutzer-Daten oder Mailadressen werden an Dritte weitergegeben. Bei der Verwendung von Diensten Dritter gelten dessen Datenschutz- und Nutzungsbedingungen. F\u00fcr xAranx.de sind dies beispielsweise Google Analytics und ClustrMaps.<\/p>\n<p>(C) xAranx.de \u2013 All Rights Reserved.<\/p>\n","protected":false},"excerpt":{"rendered":"<p>Impressum von marc rauber | 17. Juni 2019 | 10:30 Uhr xAranx.de ist ein privates Angebot von: Marc Rauber (verantwortlich) Ecksteinstr. 31a 66636 Hasborn Deutschland webmaster (ett) xAranx (punkt) de Verantwortlicher gem\u00e4\u00df \u00a7 5 TMG, \u00a7 55 RfStV: Marc Rauber &hellip; <a href=\"http:\/\/blog.xaranx.de\/index.php\/impressum\">Weiterlesen <span class=\"meta-nav\">&rarr;<\/span><\/a><\/p>\n","protected":false},"author":2,"featured_media":0,"parent":0,"menu_order":0,"comment_status":"closed","ping_status":"open","template":"","meta":{"footnotes":""},"class_list":["post-591","page","type-page","status-publish","hentry"],"_links":{"self":[{"href":"http:\/\/blog.xaranx.de\/index.php\/wp-json\/wp\/v2\/pages\/591","targetHints":{"allow":["GET"]}}],"collection":[{"href":"http:\/\/blog.xaranx.de\/index.php\/wp-json\/wp\/v2\/pages"}],"about":[{"href":"http:\/\/blog.xaranx.de\/index.php\/wp-json\/wp\/v2\/types\/page"}],"author":[{"embeddable":true,"href":"http:\/\/blog.xaranx.de\/index.php\/wp-json\/wp\/v2\/users\/2"}],"replies":[{"embeddable":true,"href":"http:\/\/blog.xaranx.de\/index.php\/wp-json\/wp\/v2\/comments?post=591"}],"version-history":[{"count":4,"href":"http:\/\/blog.xaranx.de\/index.php\/wp-json\/wp\/v2\/pages\/591\/revisions"}],"predecessor-version":[{"id":1502,"href":"http:\/\/blog.xaranx.de\/index.php\/wp-json\/wp\/v2\/pages\/591\/revisions\/1502"}],"wp:attachment":[{"href":"http:\/\/blog.xaranx.de\/index.php\/wp-json\/wp\/v2\/media?parent=591"}],"curies":[{"name":"wp","href":"https:\/\/api.w.org\/{rel}","templated":true}]}}